{"id":953,"date":"2026-02-09T13:24:29","date_gmt":"2026-02-09T13:24:29","guid":{"rendered":"https:\/\/agathelazaro.com\/?page_id=953"},"modified":"2026-03-10T08:18:01","modified_gmt":"2026-03-10T08:18:01","slug":"sanctum","status":"publish","type":"page","link":"https:\/\/agathelazaro.com\/fr\/sanctum\/","title":{"rendered":"Sanctum"},"content":{"rendered":"","protected":false},"excerpt":{"rendered":"","protected":false},"author":3,"featured_media":0,"parent":0,"menu_order":0,"comment_status":"closed","ping_status":"closed","template":"","meta":{"_monsterinsights_skip_tracking":false,"_monsterinsights_sitenote_active":false,"_monsterinsights_sitenote_note":"","_monsterinsights_sitenote_category":0,"_wp_convertkit_post_meta":{"form":"-1","landing_page":"0","tag":"0","restrict_content":"0"},"footnotes":""},"class_list":["post-953","page","type-page","status-publish","czr-hentry"],"yoast_head":"<!-- This site is optimized with the Yoast SEO Premium plugin v27.5 (Yoast SEO v27.6) - https:\/\/yoast.com\/product\/yoast-seo-premium-wordpress\/ -->\n<title>Sanctum - Agathe Lazaro<\/title>\n<meta name=\"description\" content=\"Sanctum aligns your home or workspace to support nervous system regulation through sensory mapping, biophilic design and Feng Shui, with space readings and activation sessions.\" \/>\n<meta name=\"robots\" content=\"index, follow, max-snippet:-1, max-image-preview:large, max-video-preview:-1\" \/>\n<link rel=\"canonical\" href=\"https:\/\/agathelazaro.com\/fr\/sanctum\/\" \/>\n<meta property=\"og:locale\" content=\"fr_FR\" \/>\n<meta property=\"og:type\" content=\"article\" \/>\n<meta property=\"og:title\" content=\"Sanctum\" \/>\n<meta property=\"og:description\" content=\"Sanctum aligns your home or workspace to support nervous system regulation through sensory mapping, biophilic design and Feng Shui, with space readings and activation sessions.\" \/>\n<meta property=\"og:url\" content=\"https:\/\/agathelazaro.com\/fr\/sanctum\/\" \/>\n<meta property=\"og:site_name\" content=\"Agathe Lazaro\" \/>\n<meta property=\"article:publisher\" content=\"https:\/\/www.facebook.com\/agathe.lazaro.retreat.harmonies\/\" \/>\n<meta property=\"article:modified_time\" content=\"2026-03-10T08:18:01+00:00\" \/>\n<meta name=\"twitter:card\" content=\"summary_large_image\" \/>\n<meta name=\"twitter:label1\" content=\"Dur\u00e9e de lecture estim\u00e9e\" \/>\n\t<meta name=\"twitter:data1\" content=\"10 minutes\" \/>\n<script type=\"application\/ld+json\" class=\"yoast-schema-graph\">{\"@context\":\"https:\\\/\\\/schema.org\",\"@graph\":[{\"@type\":\"WebPage\",\"@id\":\"https:\\\/\\\/agathelazaro.com\\\/sanctum\\\/\",\"url\":\"https:\\\/\\\/agathelazaro.com\\\/sanctum\\\/\",\"name\":\"Sanctum - Agathe Lazaro\",\"isPartOf\":{\"@id\":\"https:\\\/\\\/agathelazaro.com\\\/#website\"},\"datePublished\":\"2026-02-09T13:24:29+00:00\",\"dateModified\":\"2026-03-10T08:18:01+00:00\",\"description\":\"Sanctum aligns your home or workspace to support nervous system regulation through sensory mapping, biophilic design and Feng Shui, with space readings and activation sessions.\",\"breadcrumb\":{\"@id\":\"https:\\\/\\\/agathelazaro.com\\\/sanctum\\\/#breadcrumb\"},\"inLanguage\":\"fr-FR\",\"potentialAction\":[{\"@type\":\"ReadAction\",\"target\":[\"https:\\\/\\\/agathelazaro.com\\\/sanctum\\\/\"]}]},{\"@type\":\"BreadcrumbList\",\"@id\":\"https:\\\/\\\/agathelazaro.com\\\/sanctum\\\/#breadcrumb\",\"itemListElement\":[{\"@type\":\"ListItem\",\"position\":1,\"name\":\"Accueil\",\"item\":\"https:\\\/\\\/agathelazaro.com\\\/\"},{\"@type\":\"ListItem\",\"position\":2,\"name\":\"Sanctum\"}]},{\"@type\":\"WebSite\",\"@id\":\"https:\\\/\\\/agathelazaro.com\\\/#website\",\"url\":\"https:\\\/\\\/agathelazaro.com\\\/\",\"name\":\"Agathe Lazaro\",\"description\":\"Sanctuaries of fransformations\",\"publisher\":{\"@id\":\"https:\\\/\\\/agathelazaro.com\\\/#organization\"},\"potentialAction\":[{\"@type\":\"SearchAction\",\"target\":{\"@type\":\"EntryPoint\",\"urlTemplate\":\"https:\\\/\\\/agathelazaro.com\\\/?s={search_term_string}\"},\"query-input\":{\"@type\":\"PropertyValueSpecification\",\"valueRequired\":true,\"valueName\":\"search_term_string\"}}],\"inLanguage\":\"fr-FR\"},{\"@type\":[\"Organization\",\"Place\"],\"@id\":\"https:\\\/\\\/agathelazaro.com\\\/#organization\",\"name\":\"Agathe Lazaro retreats and harmonies\",\"url\":\"https:\\\/\\\/agathelazaro.com\\\/\",\"logo\":{\"@id\":\"https:\\\/\\\/agathelazaro.com\\\/sanctum\\\/#local-main-organization-logo\"},\"image\":{\"@id\":\"https:\\\/\\\/agathelazaro.com\\\/sanctum\\\/#local-main-organization-logo\"},\"sameAs\":[\"https:\\\/\\\/www.facebook.com\\\/agathe.lazaro.retreat.harmonies\\\/\",\"https:\\\/\\\/www.facebook.com\\\/agathe.gerinlazaro\\\/\",\"https:\\\/\\\/www.instagram.com\\\/agathelazaro\\\/\"],\"description\":\"Agathe Lazaro is a multidimensional wellness and sensory design practiceculminating in the creation of retreats, breathwork experiences, and regenerative living environments between France, India, and Australia. The work blends breathwork practices, sensory intelligence, biophilic design, Feng Shui, and embodied healing practices to support deep personal transformation and reconnection with nature, space, and inner coherence.\",\"legalName\":\"Agathe Lazaro\",\"numberOfEmployees\":{\"@type\":\"QuantitativeValue\",\"minValue\":\"1\",\"maxValue\":\"10\"},\"telephone\":[],\"openingHoursSpecification\":[{\"@type\":\"OpeningHoursSpecification\",\"dayOfWeek\":[\"Monday\",\"Tuesday\",\"Wednesday\",\"Thursday\",\"Friday\",\"Saturday\",\"Sunday\"],\"opens\":\"09:00\",\"closes\":\"17:00\"}]},{\"@type\":\"ImageObject\",\"inLanguage\":\"fr-FR\",\"@id\":\"https:\\\/\\\/agathelazaro.com\\\/sanctum\\\/#local-main-organization-logo\",\"url\":\"https:\\\/\\\/agathelazaro.com\\\/wp-content\\\/uploads\\\/2026\\\/04\\\/Branding-Lome-2025-01-e1777438371878.png\",\"contentUrl\":\"https:\\\/\\\/agathelazaro.com\\\/wp-content\\\/uploads\\\/2026\\\/04\\\/Branding-Lome-2025-01-e1777438371878.png\",\"width\":424,\"height\":405,\"caption\":\"Agathe Lazaro retreats and harmonies\"}]}<\/script>\n<!-- \/ Yoast SEO Premium plugin. -->","yoast_head_json":{"title":"Sanctum - Agathe Lazaro","description":"Sanctum aligne votre maison ou votre espace de travail pour favoriser la r\u00e9gulation du syst\u00e8me nerveux gr\u00e2ce \u00e0 la cartographie sensorielle, au design biophilique et au Feng Shui, avec des lectures de l'espace et des sessions d'activation.","robots":{"index":"index","follow":"follow","max-snippet":"max-snippet:-1","max-image-preview":"max-image-preview:large","max-video-preview":"max-video-preview:-1"},"canonical":"https:\/\/agathelazaro.com\/fr\/sanctum\/","og_locale":"fr_FR","og_type":"article","og_title":"Sanctum","og_description":"Sanctum aligns your home or workspace to support nervous system regulation through sensory mapping, biophilic design and Feng Shui, with space readings and activation sessions.","og_url":"https:\/\/agathelazaro.com\/fr\/sanctum\/","og_site_name":"Agathe Lazaro","article_publisher":"https:\/\/www.facebook.com\/agathe.lazaro.retreat.harmonies\/","article_modified_time":"2026-03-10T08:18:01+00:00","twitter_card":"summary_large_image","twitter_misc":{"Dur\u00e9e de lecture estim\u00e9e":"10 minutes"},"schema":{"@context":"https:\/\/schema.org","@graph":[{"@type":"WebPage","@id":"https:\/\/agathelazaro.com\/sanctum\/","url":"https:\/\/agathelazaro.com\/sanctum\/","name":"Sanctum - Agathe Lazaro","isPartOf":{"@id":"https:\/\/agathelazaro.com\/#website"},"datePublished":"2026-02-09T13:24:29+00:00","dateModified":"2026-03-10T08:18:01+00:00","description":"Sanctum aligne votre maison ou votre espace de travail pour favoriser la r\u00e9gulation du syst\u00e8me nerveux gr\u00e2ce \u00e0 la cartographie sensorielle, au design biophilique et au Feng Shui, avec des lectures de l'espace et des sessions d'activation.","breadcrumb":{"@id":"https:\/\/agathelazaro.com\/sanctum\/#breadcrumb"},"inLanguage":"fr-FR","potentialAction":[{"@type":"ReadAction","target":["https:\/\/agathelazaro.com\/sanctum\/"]}]},{"@type":"BreadcrumbList","@id":"https:\/\/agathelazaro.com\/sanctum\/#breadcrumb","itemListElement":[{"@type":"ListItem","position":1,"name":"Accueil","item":"https:\/\/agathelazaro.com\/"},{"@type":"ListItem","position":2,"name":"Sanctum"}]},{"@type":"WebSite","@id":"https:\/\/agathelazaro.com\/#website","url":"https:\/\/agathelazaro.com\/","name":"Agathe Lazaro","description":"Sanctuaires de transformations","publisher":{"@id":"https:\/\/agathelazaro.com\/#organization"},"potentialAction":[{"@type":"SearchAction","target":{"@type":"EntryPoint","urlTemplate":"https:\/\/agathelazaro.com\/?s={search_term_string}"},"query-input":{"@type":"PropertyValueSpecification","valueRequired":true,"valueName":"search_term_string"}}],"inLanguage":"fr-FR"},{"@type":["Organization","Place"],"@id":"https:\/\/agathelazaro.com\/#organization","name":"Agathe Lazaro retraites et harmonies","url":"https:\/\/agathelazaro.com\/","logo":{"@id":"https:\/\/agathelazaro.com\/sanctum\/#local-main-organization-logo"},"image":{"@id":"https:\/\/agathelazaro.com\/sanctum\/#local-main-organization-logo"},"sameAs":["https:\/\/www.facebook.com\/agathe.lazaro.retreat.harmonies\/","https:\/\/www.facebook.com\/agathe.gerinlazaro\/","https:\/\/www.instagram.com\/agathelazaro\/"],"description":"Agathe Lazaro est une praticienne du bien-\u00eatre multidimensionnel et du design sensoriel qui a cr\u00e9\u00e9 des retraites, des exp\u00e9riences de travail sur la respiration et des environnements de vie r\u00e9g\u00e9n\u00e9ratifs entre la France, l'Inde et l'Australie. Son travail m\u00eale les pratiques de travail respiratoire, l'intelligence sensorielle, le design biophilique, le Feng Shui et les pratiques de gu\u00e9rison incarn\u00e9e pour soutenir une transformation personnelle profonde et une reconnexion avec la nature, l'espace et la coh\u00e9rence int\u00e9rieure.","legalName":"Agathe Lazaro","numberOfEmployees":{"@type":"QuantitativeValue","minValue":"1","maxValue":"10"},"telephone":[],"openingHoursSpecification":[{"@type":"OpeningHoursSpecification","dayOfWeek":["Monday","Tuesday","Wednesday","Thursday","Friday","Saturday","Sunday"],"opens":"09:00","closes":"17:00"}]},{"@type":"ImageObject","inLanguage":"fr-FR","@id":"https:\/\/agathelazaro.com\/sanctum\/#local-main-organization-logo","url":"https:\/\/agathelazaro.com\/wp-content\/uploads\/2026\/04\/Branding-Lome-2025-01-e1777438371878.png","contentUrl":"https:\/\/agathelazaro.com\/wp-content\/uploads\/2026\/04\/Branding-Lome-2025-01-e1777438371878.png","width":424,"height":405,"caption":"Agathe Lazaro retreats and harmonies"}]}},"_links":{"self":[{"href":"https:\/\/agathelazaro.com\/fr\/wp-json\/wp\/v2\/pages\/953","targetHints":{"allow":["GET"]}}],"collection":[{"href":"https:\/\/agathelazaro.com\/fr\/wp-json\/wp\/v2\/pages"}],"about":[{"href":"https:\/\/agathelazaro.com\/fr\/wp-json\/wp\/v2\/types\/page"}],"author":[{"embeddable":true,"href":"https:\/\/agathelazaro.com\/fr\/wp-json\/wp\/v2\/users\/3"}],"replies":[{"embeddable":true,"href":"https:\/\/agathelazaro.com\/fr\/wp-json\/wp\/v2\/comments?post=953"}],"version-history":[{"count":1,"href":"https:\/\/agathelazaro.com\/fr\/wp-json\/wp\/v2\/pages\/953\/revisions"}],"predecessor-version":[{"id":954,"href":"https:\/\/agathelazaro.com\/fr\/wp-json\/wp\/v2\/pages\/953\/revisions\/954"}],"wp:attachment":[{"href":"https:\/\/agathelazaro.com\/fr\/wp-json\/wp\/v2\/media?parent=953"}],"curies":[{"name":"wp","href":"https:\/\/api.w.org\/{rel}","templated":true}]}}