{"id":26,"date":"2025-05-22T13:54:07","date_gmt":"2025-05-22T13:54:07","guid":{"rendered":"https:\/\/agathelazaro.com\/?page_id=26"},"modified":"2025-05-28T12:06:35","modified_gmt":"2025-05-28T12:06:35","slug":"le-mas-mejean","status":"publish","type":"page","link":"https:\/\/agathelazaro.com\/fr\/retreats-rentals\/le-mas-mejean\/","title":{"rendered":"Le Mas M\u00e9jean"},"content":{"rendered":"","protected":false},"excerpt":{"rendered":"","protected":false},"author":1,"featured_media":220,"parent":18,"menu_order":0,"comment_status":"closed","ping_status":"closed","template":"","meta":{"_monsterinsights_skip_tracking":false,"_monsterinsights_sitenote_active":false,"_monsterinsights_sitenote_note":"","_monsterinsights_sitenote_category":0,"footnotes":""},"class_list":["post-26","page","type-page","status-publish","has-post-thumbnail","czr-hentry"],"yoast_head":"<!-- This site is optimized with the Yoast SEO plugin v27.3 - https:\/\/yoast.com\/product\/yoast-seo-wordpress\/ -->\n<title>Agathe Lazaro - Retreat in south of France<\/title>\n<meta name=\"description\" content=\"Agathe Lazaro - A Retreat in south of France that offer a chance to enter an environment where nature, beauty and mindfulness converge\" \/>\n<meta name=\"robots\" content=\"index, follow, max-snippet:-1, max-image-preview:large, max-video-preview:-1\" \/>\n<link rel=\"canonical\" href=\"https:\/\/agathelazaro.com\/fr\/retreats-rentals\/le-mas-mejean\/\" \/>\n<meta property=\"og:locale\" content=\"fr_FR\" \/>\n<meta property=\"og:type\" content=\"article\" \/>\n<meta property=\"og:title\" content=\"Agathe Lazaro - Retreat in south of France\" \/>\n<meta property=\"og:description\" content=\"Agathe Lazaro - A Retreat in south of France that offer a chance to enter an environment where nature, beauty and mindfulness converge\" \/>\n<meta property=\"og:url\" content=\"https:\/\/agathelazaro.com\/fr\/retreats-rentals\/le-mas-mejean\/\" \/>\n<meta property=\"og:site_name\" content=\"Agathe Lazaro\" \/>\n<meta property=\"article:modified_time\" content=\"2025-05-28T12:06:35+00:00\" \/>\n<meta property=\"og:image\" content=\"https:\/\/agathelazaro.com\/wp-content\/uploads\/2025\/05\/Facade-1-2-scaled.jpg\" \/>\n\t<meta property=\"og:image:width\" content=\"2560\" \/>\n\t<meta property=\"og:image:height\" content=\"1939\" \/>\n\t<meta property=\"og:image:type\" content=\"image\/jpeg\" \/>\n<meta name=\"twitter:card\" content=\"summary_large_image\" \/>\n<meta name=\"twitter:label1\" content=\"Dur\u00e9e de lecture estim\u00e9e\" \/>\n\t<meta name=\"twitter:data1\" content=\"18 minutes\" \/>\n<script type=\"application\/ld+json\" class=\"yoast-schema-graph\">{\"@context\":\"https:\\\/\\\/schema.org\",\"@graph\":[{\"@type\":[\"WebPage\",\"SearchResultsPage\"],\"@id\":\"https:\\\/\\\/agathelazaro.com\\\/retreats-rentals\\\/le-mas-mejean\\\/\",\"url\":\"https:\\\/\\\/agathelazaro.com\\\/retreats-rentals\\\/le-mas-mejean\\\/\",\"name\":\"Agathe Lazaro - Retreat in south of France\",\"isPartOf\":{\"@id\":\"https:\\\/\\\/agathelazaro.com\\\/#website\"},\"primaryImageOfPage\":{\"@id\":\"https:\\\/\\\/agathelazaro.com\\\/retreats-rentals\\\/le-mas-mejean\\\/#primaryimage\"},\"image\":{\"@id\":\"https:\\\/\\\/agathelazaro.com\\\/retreats-rentals\\\/le-mas-mejean\\\/#primaryimage\"},\"thumbnailUrl\":\"https:\\\/\\\/agathelazaro.com\\\/wp-content\\\/uploads\\\/2025\\\/05\\\/Facade-1-2-scaled.jpg\",\"datePublished\":\"2025-05-22T13:54:07+00:00\",\"dateModified\":\"2025-05-28T12:06:35+00:00\",\"description\":\"Agathe Lazaro - A Retreat in south of France that offer a chance to enter an environment where nature, beauty and mindfulness converge\",\"breadcrumb\":{\"@id\":\"https:\\\/\\\/agathelazaro.com\\\/retreats-rentals\\\/le-mas-mejean\\\/#breadcrumb\"},\"inLanguage\":\"fr-FR\",\"potentialAction\":[{\"@type\":\"ReadAction\",\"target\":[\"https:\\\/\\\/agathelazaro.com\\\/retreats-rentals\\\/le-mas-mejean\\\/\"]}]},{\"@type\":\"ImageObject\",\"inLanguage\":\"fr-FR\",\"@id\":\"https:\\\/\\\/agathelazaro.com\\\/retreats-rentals\\\/le-mas-mejean\\\/#primaryimage\",\"url\":\"https:\\\/\\\/agathelazaro.com\\\/wp-content\\\/uploads\\\/2025\\\/05\\\/Facade-1-2-scaled.jpg\",\"contentUrl\":\"https:\\\/\\\/agathelazaro.com\\\/wp-content\\\/uploads\\\/2025\\\/05\\\/Facade-1-2-scaled.jpg\",\"width\":2560,\"height\":1939,\"caption\":\"Retreat center in Provence\"},{\"@type\":\"BreadcrumbList\",\"@id\":\"https:\\\/\\\/agathelazaro.com\\\/retreats-rentals\\\/le-mas-mejean\\\/#breadcrumb\",\"itemListElement\":[{\"@type\":\"ListItem\",\"position\":1,\"name\":\"Accueil\",\"item\":\"https:\\\/\\\/agathelazaro.com\\\/\"},{\"@type\":\"ListItem\",\"position\":2,\"name\":\"Retreats &amp; rentals\",\"item\":\"https:\\\/\\\/agathelazaro.com\\\/retreats-rentals\\\/\"},{\"@type\":\"ListItem\",\"position\":3,\"name\":\"Le Mas M\u00e9jean\"}]},{\"@type\":\"WebSite\",\"@id\":\"https:\\\/\\\/agathelazaro.com\\\/#website\",\"url\":\"https:\\\/\\\/agathelazaro.com\\\/\",\"name\":\"Agathe Lazaro\",\"description\":\"Sanctuaries of fransformations\",\"publisher\":{\"@id\":\"https:\\\/\\\/agathelazaro.com\\\/#organization\"},\"potentialAction\":[{\"@type\":\"SearchAction\",\"target\":{\"@type\":\"EntryPoint\",\"urlTemplate\":\"https:\\\/\\\/agathelazaro.com\\\/?s={search_term_string}\"},\"query-input\":{\"@type\":\"PropertyValueSpecification\",\"valueRequired\":true,\"valueName\":\"search_term_string\"}}],\"inLanguage\":\"fr-FR\"},{\"@type\":\"Organization\",\"@id\":\"https:\\\/\\\/agathelazaro.com\\\/#organization\",\"name\":\"Retreat\",\"url\":\"https:\\\/\\\/agathelazaro.com\\\/\",\"logo\":{\"@type\":\"ImageObject\",\"inLanguage\":\"fr-FR\",\"@id\":\"https:\\\/\\\/agathelazaro.com\\\/#\\\/schema\\\/logo\\\/image\\\/\",\"url\":\"https:\\\/\\\/agathelazaro.com\\\/wp-content\\\/uploads\\\/2025\\\/05\\\/cropped-AGATHE-LAZARO.png\",\"contentUrl\":\"https:\\\/\\\/agathelazaro.com\\\/wp-content\\\/uploads\\\/2025\\\/05\\\/cropped-AGATHE-LAZARO.png\",\"width\":388,\"height\":198,\"caption\":\"Retreat\"},\"image\":{\"@id\":\"https:\\\/\\\/agathelazaro.com\\\/#\\\/schema\\\/logo\\\/image\\\/\"}}]}<\/script>\n<!-- \/ Yoast SEO plugin. -->","yoast_head_json":{"title":"Agathe Lazaro - Retraite dans le sud de la France","description":"Agathe Lazaro - Une retraite dans le sud de la France qui offre la possibilit\u00e9 d'entrer dans un environnement o\u00f9 la nature, la beaut\u00e9 et la pleine conscience convergent.","robots":{"index":"index","follow":"follow","max-snippet":"max-snippet:-1","max-image-preview":"max-image-preview:large","max-video-preview":"max-video-preview:-1"},"canonical":"https:\/\/agathelazaro.com\/fr\/retreats-rentals\/le-mas-mejean\/","og_locale":"fr_FR","og_type":"article","og_title":"Agathe Lazaro - Retreat in south of France","og_description":"Agathe Lazaro - A Retreat in south of France that offer a chance to enter an environment where nature, beauty and mindfulness converge","og_url":"https:\/\/agathelazaro.com\/fr\/retreats-rentals\/le-mas-mejean\/","og_site_name":"Agathe Lazaro","article_modified_time":"2025-05-28T12:06:35+00:00","og_image":[{"width":2560,"height":1939,"url":"https:\/\/agathelazaro.com\/wp-content\/uploads\/2025\/05\/Facade-1-2-scaled.jpg","type":"image\/jpeg"}],"twitter_card":"summary_large_image","twitter_misc":{"Dur\u00e9e de lecture estim\u00e9e":"18 minutes"},"schema":{"@context":"https:\/\/schema.org","@graph":[{"@type":["WebPage","SearchResultsPage"],"@id":"https:\/\/agathelazaro.com\/retreats-rentals\/le-mas-mejean\/","url":"https:\/\/agathelazaro.com\/retreats-rentals\/le-mas-mejean\/","name":"Agathe Lazaro - Retraite dans le sud de la France","isPartOf":{"@id":"https:\/\/agathelazaro.com\/#website"},"primaryImageOfPage":{"@id":"https:\/\/agathelazaro.com\/retreats-rentals\/le-mas-mejean\/#primaryimage"},"image":{"@id":"https:\/\/agathelazaro.com\/retreats-rentals\/le-mas-mejean\/#primaryimage"},"thumbnailUrl":"https:\/\/agathelazaro.com\/wp-content\/uploads\/2025\/05\/Facade-1-2-scaled.jpg","datePublished":"2025-05-22T13:54:07+00:00","dateModified":"2025-05-28T12:06:35+00:00","description":"Agathe Lazaro - Une retraite dans le sud de la France qui offre la possibilit\u00e9 d'entrer dans un environnement o\u00f9 la nature, la beaut\u00e9 et la pleine conscience convergent.","breadcrumb":{"@id":"https:\/\/agathelazaro.com\/retreats-rentals\/le-mas-mejean\/#breadcrumb"},"inLanguage":"fr-FR","potentialAction":[{"@type":"ReadAction","target":["https:\/\/agathelazaro.com\/retreats-rentals\/le-mas-mejean\/"]}]},{"@type":"ImageObject","inLanguage":"fr-FR","@id":"https:\/\/agathelazaro.com\/retreats-rentals\/le-mas-mejean\/#primaryimage","url":"https:\/\/agathelazaro.com\/wp-content\/uploads\/2025\/05\/Facade-1-2-scaled.jpg","contentUrl":"https:\/\/agathelazaro.com\/wp-content\/uploads\/2025\/05\/Facade-1-2-scaled.jpg","width":2560,"height":1939,"caption":"Retreat center in Provence"},{"@type":"BreadcrumbList","@id":"https:\/\/agathelazaro.com\/retreats-rentals\/le-mas-mejean\/#breadcrumb","itemListElement":[{"@type":"ListItem","position":1,"name":"Accueil","item":"https:\/\/agathelazaro.com\/"},{"@type":"ListItem","position":2,"name":"Retreats &amp; rentals","item":"https:\/\/agathelazaro.com\/retreats-rentals\/"},{"@type":"ListItem","position":3,"name":"Le Mas M\u00e9jean"}]},{"@type":"WebSite","@id":"https:\/\/agathelazaro.com\/#website","url":"https:\/\/agathelazaro.com\/","name":"Agathe Lazaro","description":"Sanctuaires de transformations","publisher":{"@id":"https:\/\/agathelazaro.com\/#organization"},"potentialAction":[{"@type":"SearchAction","target":{"@type":"EntryPoint","urlTemplate":"https:\/\/agathelazaro.com\/?s={search_term_string}"},"query-input":{"@type":"PropertyValueSpecification","valueRequired":true,"valueName":"search_term_string"}}],"inLanguage":"fr-FR"},{"@type":"Organization","@id":"https:\/\/agathelazaro.com\/#organization","name":"Retraite","url":"https:\/\/agathelazaro.com\/","logo":{"@type":"ImageObject","inLanguage":"fr-FR","@id":"https:\/\/agathelazaro.com\/#\/schema\/logo\/image\/","url":"https:\/\/agathelazaro.com\/wp-content\/uploads\/2025\/05\/cropped-AGATHE-LAZARO.png","contentUrl":"https:\/\/agathelazaro.com\/wp-content\/uploads\/2025\/05\/cropped-AGATHE-LAZARO.png","width":388,"height":198,"caption":"Retreat"},"image":{"@id":"https:\/\/agathelazaro.com\/#\/schema\/logo\/image\/"}}]}},"_links":{"self":[{"href":"https:\/\/agathelazaro.com\/fr\/wp-json\/wp\/v2\/pages\/26","targetHints":{"allow":["GET"]}}],"collection":[{"href":"https:\/\/agathelazaro.com\/fr\/wp-json\/wp\/v2\/pages"}],"about":[{"href":"https:\/\/agathelazaro.com\/fr\/wp-json\/wp\/v2\/types\/page"}],"author":[{"embeddable":true,"href":"https:\/\/agathelazaro.com\/fr\/wp-json\/wp\/v2\/users\/1"}],"replies":[{"embeddable":true,"href":"https:\/\/agathelazaro.com\/fr\/wp-json\/wp\/v2\/comments?post=26"}],"version-history":[{"count":1,"href":"https:\/\/agathelazaro.com\/fr\/wp-json\/wp\/v2\/pages\/26\/revisions"}],"predecessor-version":[{"id":27,"href":"https:\/\/agathelazaro.com\/fr\/wp-json\/wp\/v2\/pages\/26\/revisions\/27"}],"up":[{"embeddable":true,"href":"https:\/\/agathelazaro.com\/fr\/wp-json\/wp\/v2\/pages\/18"}],"wp:featuredmedia":[{"embeddable":true,"href":"https:\/\/agathelazaro.com\/fr\/wp-json\/wp\/v2\/media\/220"}],"wp:attachment":[{"href":"https:\/\/agathelazaro.com\/fr\/wp-json\/wp\/v2\/media?parent=26"}],"curies":[{"name":"wp","href":"https:\/\/api.w.org\/{rel}","templated":true}]}}